{"id":1554,"date":"2016-03-16T13:40:29","date_gmt":"2016-03-16T13:40:29","guid":{"rendered":"http:\/\/fengshuidesignteam.de\/?page_id=1554"},"modified":"2019-10-06T18:55:01","modified_gmt":"2019-10-06T18:55:01","slug":"team","status":"publish","type":"page","link":"http:\/\/fengshuidesignteam.de\/?page_id=1554","title":{"rendered":"Team"},"content":{"rendered":"\n<figure class=\"wp-block-image is-resized\"><img decoding=\"async\" loading=\"lazy\" src=\"http:\/\/fengshuidesignteam.de\/wp-content\/uploads\/2015\/05\/Passbild_Rohkaffeelager_solo_bw-271x300.jpg\" alt=\"\" class=\"wp-image-536\" width=\"136\" height=\"150\"\/><\/figure>\n\n\n\n<p><strong>Walter Friedrich Binder, Freier Architekt <\/strong><\/p>\n\n\n\n<p>Architekturstudium an der TH Karlsruhe und Akademie der Bildenden in K\u00fcnste, Wien. DAAD Stipendiat.<\/p>\n\n\n\n<p>Mitarbeit in renommierten Architekturb\u00fcros in Hoch- St\u00e4dtebau und Innenarchitektur, eigenes Architekturb\u00fcro seit 1994. Private, gewerbliche und kommunale Auftraggeber, Auszeichnungen.<\/p>\n\n\n\n<p>Diplomierter Feng Shui Berater seit 1997. Ausbildung bei D.Walters (UK) und S. Brown (UK). Mitglied der \u201cInternational School Of Feng Shui\u201d. St\u00e4ndige Feng Shui- Weiterbildungen.<\/p>\n\n\n\n<p>Ver\u00f6ffentlichungen und Vortragst\u00e4tigkeit.<\/p>\n\n\n\n<p>Diplomierter Lehrer des Stillen Qi Gong, Ausbildung bei Gro\u00dfmeister Zhi Chang Li.<\/p>\n\n\n\n<p><\/p>\n\n\n\n<figure class=\"wp-block-image\"><img decoding=\"async\" alt=\"\"\/><\/figure>\n\n\n\n<p><strong> Joachim Biefang, Ruteng\u00e4nger<\/strong><\/p>\n\n\n\n<p>Joachim Biefang ist als Astronom wissenschaftlich ausgerichtet. Schon in seiner Kindheit interessierte er sich f\u00fcr das Rutengehen und wurde im Kreis seiner Familie mit dem Thema Erdstrahlung vertraut.<\/p>\n\n\n\n<p>Beim Forschungskreis f\u00fcr Geobiologie wurde er aufgrund seiner guten Strahlungsf\u00fchligkeit als Versuchsperson f\u00fcr neue W\u00fcnschelrutentechniken herangezogen und ausgebildet.<\/p>\n\n\n\n<p>Seit vielen Jahren publiziert er in f\u00fchrenden astronomischen Fachzeitschriften und leitet viele Wissenschaftsreisen zu den gro\u00dfen Observatorien der Welt Viele Haus- und Grundst\u00fccksuntersuchungen hat er seither mit erstaunlich reproduzierbaren Ergebnissen durchgef\u00fchrt.<\/p>\n","protected":false},"excerpt":{"rendered":"<p>Walter Friedrich Binder, Freier Architekt Architekturstudium an der TH Karlsruhe und Akademie der Bildenden in K\u00fcnste, Wien. DAAD Stipendiat. Mitarbeit in renommierten Architekturb\u00fcros in Hoch- St\u00e4dtebau und Innenarchitektur, eigenes Architekturb\u00fcro seit 1994. Private, gewerbliche und kommunale Auftraggeber, Auszeichnungen. Diplomierter Feng Shui Berater seit 1997. Ausbildung bei D.Walters (UK) und S. Brown (UK). Mitglied der \u201cInternational &hellip; <\/p>\n<p class=\"link-more\"><a href=\"http:\/\/fengshuidesignteam.de\/?page_id=1554\" class=\"more-link\"><span class=\"screen-reader-text\">\u201eTeam\u201c<\/span> weiterlesen<\/a><\/p>\n","protected":false},"author":1,"featured_media":0,"parent":0,"menu_order":0,"comment_status":"closed","ping_status":"closed","template":"","meta":[],"_links":{"self":[{"href":"http:\/\/fengshuidesignteam.de\/index.php?rest_route=\/wp\/v2\/pages\/1554"}],"collection":[{"href":"http:\/\/fengshuidesignteam.de\/index.php?rest_route=\/wp\/v2\/pages"}],"about":[{"href":"http:\/\/fengshuidesignteam.de\/index.php?rest_route=\/wp\/v2\/types\/page"}],"author":[{"embeddable":true,"href":"http:\/\/fengshuidesignteam.de\/index.php?rest_route=\/wp\/v2\/users\/1"}],"replies":[{"embeddable":true,"href":"http:\/\/fengshuidesignteam.de\/index.php?rest_route=%2Fwp%2Fv2%2Fcomments&post=1554"}],"version-history":[{"count":10,"href":"http:\/\/fengshuidesignteam.de\/index.php?rest_route=\/wp\/v2\/pages\/1554\/revisions"}],"predecessor-version":[{"id":1798,"href":"http:\/\/fengshuidesignteam.de\/index.php?rest_route=\/wp\/v2\/pages\/1554\/revisions\/1798"}],"wp:attachment":[{"href":"http:\/\/fengshuidesignteam.de\/index.php?rest_route=%2Fwp%2Fv2%2Fmedia&parent=1554"}],"curies":[{"name":"wp","href":"https:\/\/api.w.org\/{rel}","templated":true}]}}