{"id":802,"date":"2015-05-26T18:39:07","date_gmt":"2015-05-26T18:39:07","guid":{"rendered":"http:\/\/wbinder.de\/?page_id=802"},"modified":"2019-10-06T19:49:56","modified_gmt":"2019-10-06T19:49:56","slug":"impressum","status":"publish","type":"page","link":"http:\/\/fengshuidesignteam.de\/?page_id=802","title":{"rendered":"Impressum"},"content":{"rendered":"\n<p>Walter Friedrich Binder Dipl. Ing. Freier Architekt<br>\nSarweystrasse 2<br>\n70191 Stuttgart<\/p>\n\n\n\n<p>Telefon: +49 711 85 967 255<br>\neMail:&nbsp;info@wbinder.de<\/p>\n\n\n\n<p>Mitgliedsnummer Architektenkammer Baden-W\u00fcrtttemberg: 51005<\/p>\n\n\n\n<p>Alle Rechte vorbehalten, soweit nicht Rechte Dritter gesetzlich und vertraglich ber\u00fchrt sind.<\/p>\n\n\n\n<p>Alle Entw\u00fcrfe, Bilder, Grafiken, Logos sowie Bildtitel und Texte unterliegen dem Deutschen Urheberrecht und anderen Gesetzen zum Schutz geistigen Eigentums.<\/p>\n\n\n\n<p>Die Internetseite&nbsp;wurde mit gr\u00f6\u00dftm\u00f6glicher Sorgfalt erstellt. F\u00fcr Fehlerfreiheit der enthaltenen Informationen kann jedoch nicht garantiert werden. Jegliche Haftung f\u00fcr Sch\u00e4den, die direkt oder indirekt aus der Nutzung dieser Internetseite entstehen, wird ausgeschlossen.<\/p>\n\n\n\n<p>Diese Internetseite&nbsp;enth\u00e4lt Links zu anderen Webpr\u00e4senzen, auf deren Gestaltung und Inhalt wir&nbsp;keinen Einfluss haben.&nbsp;Daher weisen wir an dieser Stelle darauf hin, dass diese Internetseiten nicht in unserer&nbsp;Verantwortung liegen.<\/p>\n","protected":false},"excerpt":{"rendered":"<p>Walter Friedrich Binder Dipl. Ing. Freier Architekt Sarweystrasse 2 70191 Stuttgart Telefon: +49 711 85 967 255 eMail:&nbsp;info@wbinder.de Mitgliedsnummer Architektenkammer Baden-W\u00fcrtttemberg: 51005 Alle Rechte vorbehalten, soweit nicht Rechte Dritter gesetzlich und vertraglich ber\u00fchrt sind. Alle Entw\u00fcrfe, Bilder, Grafiken, Logos sowie Bildtitel und Texte unterliegen dem Deutschen Urheberrecht und anderen Gesetzen zum Schutz geistigen Eigentums. Die &hellip; <\/p>\n<p class=\"link-more\"><a href=\"http:\/\/fengshuidesignteam.de\/?page_id=802\" class=\"more-link\"><span class=\"screen-reader-text\">\u201eImpressum\u201c<\/span> weiterlesen<\/a><\/p>\n","protected":false},"author":1,"featured_media":0,"parent":0,"menu_order":0,"comment_status":"closed","ping_status":"closed","template":"","meta":[],"_links":{"self":[{"href":"http:\/\/fengshuidesignteam.de\/index.php?rest_route=\/wp\/v2\/pages\/802"}],"collection":[{"href":"http:\/\/fengshuidesignteam.de\/index.php?rest_route=\/wp\/v2\/pages"}],"about":[{"href":"http:\/\/fengshuidesignteam.de\/index.php?rest_route=\/wp\/v2\/types\/page"}],"author":[{"embeddable":true,"href":"http:\/\/fengshuidesignteam.de\/index.php?rest_route=\/wp\/v2\/users\/1"}],"replies":[{"embeddable":true,"href":"http:\/\/fengshuidesignteam.de\/index.php?rest_route=%2Fwp%2Fv2%2Fcomments&post=802"}],"version-history":[{"count":3,"href":"http:\/\/fengshuidesignteam.de\/index.php?rest_route=\/wp\/v2\/pages\/802\/revisions"}],"predecessor-version":[{"id":1816,"href":"http:\/\/fengshuidesignteam.de\/index.php?rest_route=\/wp\/v2\/pages\/802\/revisions\/1816"}],"wp:attachment":[{"href":"http:\/\/fengshuidesignteam.de\/index.php?rest_route=%2Fwp%2Fv2%2Fmedia&parent=802"}],"curies":[{"name":"wp","href":"https:\/\/api.w.org\/{rel}","templated":true}]}}