{"id":1550,"date":"2016-02-14T11:48:04","date_gmt":"2016-02-14T11:48:04","guid":{"rendered":"http:\/\/fengshuidesignteam.de\/?page_id=1550"},"modified":"2019-10-06T19:41:54","modified_gmt":"2019-10-06T19:41:54","slug":"unsere-leistungen","status":"publish","type":"page","link":"https:\/\/fengshuidesignteam.de\/?page_id=1550","title":{"rendered":"Unser Angebot"},"content":{"rendered":"\n<h3>Grundst\u00fccksuntersuchung<\/h3>\n\n\n\n<p>Neben der Beurteilung Ihres Grundst\u00fccks nach den Kriterien des Feng Shui raten wir zu einer geobiologischen Untersuchung. Eventuell vorhandene St\u00f6rfelder, pathogene Kreuzungspunkte, Wasseradern oder Verwerfungen lassen sich so feststellen und bieten Entscheidungshilfen hinsichtlich eines eventuell beabsichtigten Grundst\u00fcckskaufs oder in Bezug auf eine sp\u00e4tere Planung.<br><br><strong>Nutzen Sie unserer Kompetenzen zu Ihrer Sicherheit.<\/strong><\/p>\n\n\n\n<h3>Realisierung Hochbau &#8211; Wohn- oder Gewerbebau<\/h3>\n\n\n\n<p>Die Kombination von Grundst\u00fccksuntersuchung, Geb\u00e4udeentwurf- und ausf\u00c3\u00bchrung verspricht den zuk\u00fcnftigen Bewohnern optimale Ber\u00fccksichtigung individueller Bed\u00fcrfnisse von Kindern, Eltern und Gro\u00dfeltern.<br><br> <strong>Unsere St\u00e4rke liegt darin, Sie w\u00e4hrend dieses gesamten Prozesses, von der Grundst\u00fccksuntersuchung \u00fcber Planung und Realisierung, bis hin zum Einzug und auf Wunsch hin auch anschlie\u00dfend, zu unterst\u00fctzen.<\/strong><\/p>\n\n\n\n<h3>Wohnberatung &#8211; bei Wohnung oder Wohnhaus<\/h3>\n\n\n\n<p>Die Bandbreite unterschiedlicher Aktivit\u00e4ten, die in einer Wohnung stattfinden, sind mannigfaltig. Je nach Familienstand sind separate Bereiche f\u00fcr Eltern und Kinder erforderlich, bedarf es gemeinschaftlicher und individuell- privater Wohnbereiche, so zum Beispiel f\u00fcr Kochen, Essen, f\u00fcr Kommunikation, f\u00fcr Entspannung und Schlaf. Am Beginn unserer Feng Shui Raum- Energie Beratung steht die Analyse Ihres Wohnbereichs, abgestimmt auf Ihre Pers\u00f6nlichkeit, Ihre Ziele und Ideen. Auf Wunsch f\u00fchren wir eine geobiologische Untersuchung Ihres Wohnbereichs, insbesondere empfehlenswert im Bereich der Schlafpl\u00e4tze, durch.<br><br><strong>Am Ende unserer Beratung haben wir gemeinsam einen Ort lebendigen Wohnens gestaltet, der Ihre Vitalit\u00e4t st\u00e4rken, Ihre Lebensinhalte bereichern und Ihre pers\u00f6nliche Entwicklung unterst\u00fctzen wird.<\/strong><\/p>\n\n\n\n<h3> Beratung f\u00fcr Einzel- oder Gro\u00dfhandel <\/h3>\n\n\n\n<p>Verkaufspsychologie ist wichtig, deren Umsetzung allein jedoch kein Garant f\u00fcr Gesch\u00e4ftserfolg. Unsere Erfahrung belegt: die Atmosph\u00e4re des Raumes ist kaufentscheidend. Verkaufsr\u00e4ume die wir schaffen laden ein, vermitteln das Gef\u00fchl, am Ort des Geschehens eingetroffen zu sein und hier verweilen zu k\u00f6nnen.<br><br><strong>\u00dcberzeugen Sie sich selbst, besuchen Sie unsere erfolgreich realisierten Projekte.<\/strong><\/p>\n\n\n\n<h3>Arbeitsplatzberatung &#8211; in Firma, Praxis oder B\u00fcror\u00e4umen<\/h3>\n\n\n\n<p>Kreativit\u00e4t und Effizienz sind Eigenschaften, die im Beruf in immer st\u00e4rkerem Ma\u00dfe gefordert sind. Konzentrationsf\u00c3\u00a4higkeit und die F\u00c3\u00a4higkeit zur Entspannung sind Garanten hierf\u00fcr.<br><br><strong>Wir schaffen Arbeitsr\u00e4ume, die Ihre Konzentrations- und Entspannungsf\u00e4higkeit unterst\u00fctzen, Visionen und Ambitionen wachsen und werden Ihre berufliche T\u00e4tigkeit tragen.<\/strong><\/p>\n\n\n\n<h3>Farbgestaltung<\/h3>\n\n\n\n<p>Farbenlehren begreifen das Ph\u00e4nomen Farbe und dessen Wirkung auf den Menschen meist unter psychologischen Aspekten. Unsere Farbkonzeptionen f\u00fcr Innen- und Aussenr\u00e4ume gehen dar\u00fcber hinaus, indem sie die feinstoffllich- energetischen Aspekte von Farbe mitber\u00fccksichtigen.<br><br><strong>In&nbsp; Innen- und Aussenr\u00e4umen, deren Farbgestaltung durch uns konzipiert wurde, k\u00f6nnen auch Sie positive AuswIrkungen auf Ihr Befinden erleben.<\/strong><\/p>\n","protected":false},"excerpt":{"rendered":"<p>Grundst\u00fccksuntersuchung Neben der Beurteilung Ihres Grundst\u00fccks nach den Kriterien des Feng Shui raten wir zu einer geobiologischen Untersuchung. Eventuell vorhandene St\u00f6rfelder, pathogene Kreuzungspunkte, Wasseradern oder Verwerfungen lassen sich so feststellen und bieten Entscheidungshilfen hinsichtlich eines eventuell beabsichtigten Grundst\u00fcckskaufs oder in Bezug auf eine sp\u00e4tere Planung. Nutzen Sie unserer Kompetenzen zu Ihrer Sicherheit. Realisierung Hochbau &#8211; &hellip; <\/p>\n<p class=\"link-more\"><a href=\"https:\/\/fengshuidesignteam.de\/?page_id=1550\" class=\"more-link\"><span class=\"screen-reader-text\">\u201eUnser Angebot\u201c<\/span> weiterlesen<\/a><\/p>\n","protected":false},"author":1,"featured_media":1814,"parent":0,"menu_order":0,"comment_status":"closed","ping_status":"closed","template":"","meta":[],"_links":{"self":[{"href":"https:\/\/fengshuidesignteam.de\/index.php?rest_route=\/wp\/v2\/pages\/1550"}],"collection":[{"href":"https:\/\/fengshuidesignteam.de\/index.php?rest_route=\/wp\/v2\/pages"}],"about":[{"href":"https:\/\/fengshuidesignteam.de\/index.php?rest_route=\/wp\/v2\/types\/page"}],"author":[{"embeddable":true,"href":"https:\/\/fengshuidesignteam.de\/index.php?rest_route=\/wp\/v2\/users\/1"}],"replies":[{"embeddable":true,"href":"https:\/\/fengshuidesignteam.de\/index.php?rest_route=%2Fwp%2Fv2%2Fcomments&post=1550"}],"version-history":[{"count":35,"href":"https:\/\/fengshuidesignteam.de\/index.php?rest_route=\/wp\/v2\/pages\/1550\/revisions"}],"predecessor-version":[{"id":1815,"href":"https:\/\/fengshuidesignteam.de\/index.php?rest_route=\/wp\/v2\/pages\/1550\/revisions\/1815"}],"wp:featuredmedia":[{"embeddable":true,"href":"https:\/\/fengshuidesignteam.de\/index.php?rest_route=\/wp\/v2\/media\/1814"}],"wp:attachment":[{"href":"https:\/\/fengshuidesignteam.de\/index.php?rest_route=%2Fwp%2Fv2%2Fmedia&parent=1550"}],"curies":[{"name":"wp","href":"https:\/\/api.w.org\/{rel}","templated":true}]}}